{"id":4052,"date":"2023-09-26T14:16:37","date_gmt":"2023-09-26T17:16:37","guid":{"rendered":"https:\/\/theopteam.net\/blog\/"},"modified":"2025-04-07T16:13:10","modified_gmt":"2025-04-07T19:13:10","slug":"blog","status":"publish","type":"page","link":"https:\/\/theopteam.net\/en\/blog\/","title":{"rendered":"Blog"},"content":{"rendered":"\t\t<div data-elementor-type=\"wp-page\" data-elementor-id=\"4052\" class=\"elementor elementor-4052 elementor-171\" data-elementor-post-type=\"page\">\n\t\t\t\t\t\t<section class=\"elementor-section elementor-top-section elementor-element elementor-element-a116da5 elementor-section-boxed elementor-section-height-default elementor-section-height-default\" data-id=\"a116da5\" data-element_type=\"section\" data-e-type=\"section\" data-settings=\"{&quot;background_background&quot;:&quot;classic&quot;}\">\n\t\t\t\t\t\t<div class=\"elementor-container elementor-column-gap-default\">\n\t\t\t\t\t<div class=\"elementor-column elementor-col-100 elementor-top-column elementor-element elementor-element-11429e6\" data-id=\"11429e6\" data-element_type=\"column\" data-e-type=\"column\">\n\t\t\t<div class=\"elementor-widget-wrap elementor-element-populated\">\n\t\t\t\t\t\t<div class=\"elementor-element elementor-element-a52e962 elementor-widget elementor-widget-heading\" data-id=\"a52e962\" data-element_type=\"widget\" data-e-type=\"widget\" data-widget_type=\"heading.default\">\n\t\t\t\t<div class=\"elementor-widget-container\">\n\t\t\t\t\t<h4 class=\"elementor-heading-title elementor-size-default\">BLOG<\/h4>\t\t\t\t<\/div>\n\t\t\t\t<\/div>\n\t\t\t\t\t<\/div>\n\t\t<\/div>\n\t\t\t\t\t<\/div>\n\t\t<\/section>\n\t\t\t\t<section class=\"elementor-section elementor-top-section elementor-element elementor-element-62b69e2 elementor-section-boxed elementor-section-height-default elementor-section-height-default\" data-id=\"62b69e2\" data-element_type=\"section\" data-e-type=\"section\">\n\t\t\t\t\t\t<div class=\"elementor-container elementor-column-gap-default\">\n\t\t\t\t\t<div class=\"elementor-column elementor-col-100 elementor-top-column elementor-element elementor-element-f780fe0\" data-id=\"f780fe0\" data-element_type=\"column\" data-e-type=\"column\">\n\t\t\t<div class=\"elementor-widget-wrap elementor-element-populated\">\n\t\t\t\t\t\t<div class=\"elementor-element elementor-element-8e23473 elementor-invisible elementor-widget elementor-widget-text-editor\" data-id=\"8e23473\" data-element_type=\"widget\" data-e-type=\"widget\" data-settings=\"{&quot;_animation&quot;:&quot;fadeInUp&quot;}\" data-widget_type=\"text-editor.default\">\n\t\t\t\t<div class=\"elementor-widget-container\">\n\t\t\t\t\t\t\t\t\t<h5> FOLLOW OUR BLOG AND <br>STAY UP TO DATE WITH THE LATEST NEWS<\/h5>\t\t\t\t\t\t\t\t<\/div>\n\t\t\t\t<\/div>\n\t\t\t\t<div class=\"elementor-element elementor-element-eb45ce4 elementor-posts--align-left elementor-posts__hover-none elementor-grid-3 elementor-grid-tablet-2 elementor-grid-mobile-1 elementor-posts--thumbnail-top elementor-card-shadow-yes elementor-widget elementor-widget-posts\" data-id=\"eb45ce4\" data-element_type=\"widget\" data-e-type=\"widget\" data-settings=\"{&quot;pagination_type&quot;:&quot;numbers&quot;,&quot;cards_columns&quot;:&quot;3&quot;,&quot;cards_columns_tablet&quot;:&quot;2&quot;,&quot;cards_columns_mobile&quot;:&quot;1&quot;,&quot;cards_row_gap&quot;:{&quot;unit&quot;:&quot;px&quot;,&quot;size&quot;:35,&quot;sizes&quot;:[]},&quot;cards_row_gap_widescreen&quot;:{&quot;unit&quot;:&quot;px&quot;,&quot;size&quot;:&quot;&quot;,&quot;sizes&quot;:[]},&quot;cards_row_gap_tablet&quot;:{&quot;unit&quot;:&quot;px&quot;,&quot;size&quot;:&quot;&quot;,&quot;sizes&quot;:[]},&quot;cards_row_gap_mobile&quot;:{&quot;unit&quot;:&quot;px&quot;,&quot;size&quot;:&quot;&quot;,&quot;sizes&quot;:[]}}\" data-widget_type=\"posts.cards\">\n\t\t\t\t<div class=\"elementor-widget-container\">\n\t\t\t\t\t\t\t<div class=\"elementor-posts-container elementor-posts elementor-posts--skin-cards elementor-grid\" role=\"list\">\n\t\t\t\t<article class=\"elementor-post elementor-grid-item post-5310 post type-post status-publish format-standard has-post-thumbnail hentry category-sem-categoria\" role=\"listitem\">\n\t\t\t<div class=\"elementor-post__card\">\n\t\t\t\t<a class=\"elementor-post__thumbnail__link\" href=\"https:\/\/theopteam.net\/en\/o-que-esta-por-tras-da-explosao-do-luxo-imobiliario-na-florida\/\" tabindex=\"-1\" target=\"_blank\"><div class=\"elementor-post__thumbnail\"><img fetchpriority=\"high\" decoding=\"async\" width=\"2050\" height=\"1370\" src=\"https:\/\/theopteam.net\/wp-content\/uploads\/2026\/03\/Capas-blogs.png\" class=\"attachment-full size-full wp-image-5311\" alt=\"\" srcset=\"https:\/\/theopteam.net\/wp-content\/uploads\/2026\/03\/Capas-blogs.png 2050w, https:\/\/theopteam.net\/wp-content\/uploads\/2026\/03\/Capas-blogs-300x200.png 300w, https:\/\/theopteam.net\/wp-content\/uploads\/2026\/03\/Capas-blogs-1024x684.png 1024w, https:\/\/theopteam.net\/wp-content\/uploads\/2026\/03\/Capas-blogs-768x513.png 768w, https:\/\/theopteam.net\/wp-content\/uploads\/2026\/03\/Capas-blogs-1536x1026.png 1536w, https:\/\/theopteam.net\/wp-content\/uploads\/2026\/03\/Capas-blogs-2048x1369.png 2048w\" sizes=\"(max-width: 2050px) 100vw, 2050px\" \/><\/div><\/a>\n\t\t\t\t<div class=\"elementor-post__text\">\n\t\t\t\t<h3 class=\"elementor-post__title\">\n\t\t\t<a href=\"https:\/\/theopteam.net\/en\/o-que-esta-por-tras-da-explosao-do-luxo-imobiliario-na-florida\/\" target=&quot;_blank&quot;>\n\t\t\t\tO que est\u00e1 por tr\u00e1s da explos\u00e3o do luxo imobili\u00e1rio na Fl\u00f3rida?\t\t\t<\/a>\n\t\t<\/h3>\n\t\t\t\t<div class=\"elementor-post__excerpt\">\n\t\t\t<p>O mercado imobili\u00e1rio de luxo da Fl\u00f3rida vive um momento que vai al\u00e9m de ciclos tradicionais de alta ou baixa.<\/p>\n\t\t<\/div>\n\t\t\t\t\t<div class=\"elementor-post__read-more-wrapper\">\n\t\t\n\t\t<a class=\"elementor-post__read-more\" href=\"https:\/\/theopteam.net\/en\/o-que-esta-por-tras-da-explosao-do-luxo-imobiliario-na-florida\/\" aria-label=\"Read more about O que est\u00e1 por tr\u00e1s da explos\u00e3o do luxo imobili\u00e1rio na Fl\u00f3rida?\" tabindex=\"-1\" target=\"_blank\">\n\t\t\tRead more\t\t<\/a>\n\n\t\t\t\t\t<\/div>\n\t\t\t\t<\/div>\n\t\t\t\t\t<\/div>\n\t\t<\/article>\n\t\t\t\t<article class=\"elementor-post elementor-grid-item post-5302 post type-post status-publish format-standard has-post-thumbnail hentry category-sem-categoria\" role=\"listitem\">\n\t\t\t<div class=\"elementor-post__card\">\n\t\t\t\t<a class=\"elementor-post__thumbnail__link\" href=\"https:\/\/theopteam.net\/en\/__trashed\/\" tabindex=\"-1\" target=\"_blank\"><div class=\"elementor-post__thumbnail\"><img decoding=\"async\" width=\"2050\" height=\"1370\" src=\"https:\/\/theopteam.net\/wp-content\/uploads\/2026\/03\/3.png\" class=\"attachment-full size-full wp-image-5303\" alt=\"\" srcset=\"https:\/\/theopteam.net\/wp-content\/uploads\/2026\/03\/3.png 2050w, https:\/\/theopteam.net\/wp-content\/uploads\/2026\/03\/3-300x200.png 300w, https:\/\/theopteam.net\/wp-content\/uploads\/2026\/03\/3-1024x684.png 1024w, https:\/\/theopteam.net\/wp-content\/uploads\/2026\/03\/3-768x513.png 768w, https:\/\/theopteam.net\/wp-content\/uploads\/2026\/03\/3-1536x1026.png 1536w, https:\/\/theopteam.net\/wp-content\/uploads\/2026\/03\/3-2048x1369.png 2048w\" sizes=\"(max-width: 2050px) 100vw, 2050px\" \/><\/div><\/a>\n\t\t\t\t<div class=\"elementor-post__text\">\n\t\t\t\t<h3 class=\"elementor-post__title\">\n\t\t\t<a href=\"https:\/\/theopteam.net\/en\/__trashed\/\" target=&quot;_blank&quot;>\n\t\t\t\tAl\u00e9m dos Parques: Winter Park e Lake Nona, Dois Lados da Nova Fl\u00f3rida Central.\t\t\t<\/a>\n\t\t<\/h3>\n\t\t\t\t<div class=\"elementor-post__excerpt\">\n\t\t\t<p>Duas comunidades com propostas distintas que v\u00eam redefinindo estilo de vida, planejamento urbano e oportunidades de investimento na regi\u00e3o de<\/p>\n\t\t<\/div>\n\t\t\t\t\t<div class=\"elementor-post__read-more-wrapper\">\n\t\t\n\t\t<a class=\"elementor-post__read-more\" href=\"https:\/\/theopteam.net\/en\/__trashed\/\" aria-label=\"Read more about Al\u00e9m dos Parques: Winter Park e Lake Nona, Dois Lados da Nova Fl\u00f3rida Central.\" tabindex=\"-1\" target=\"_blank\">\n\t\t\tRead more\t\t<\/a>\n\n\t\t\t\t\t<\/div>\n\t\t\t\t<\/div>\n\t\t\t\t\t<\/div>\n\t\t<\/article>\n\t\t\t\t<article class=\"elementor-post elementor-grid-item post-5298 post type-post status-publish format-standard has-post-thumbnail hentry category-sem-categoria\" role=\"listitem\">\n\t\t\t<div class=\"elementor-post__card\">\n\t\t\t\t<a class=\"elementor-post__thumbnail__link\" href=\"https:\/\/theopteam.net\/en\/o-guia-michelin-e-a-nova-maturidade-cultural-de-miami-o-que-a-gastronomia-revela-sobre-o-futuro-da-cidade\/\" tabindex=\"-1\" target=\"_blank\"><div class=\"elementor-post__thumbnail\"><img decoding=\"async\" width=\"2050\" height=\"1370\" src=\"https:\/\/theopteam.net\/wp-content\/uploads\/2026\/03\/2.png\" class=\"attachment-full size-full wp-image-5299\" alt=\"\" srcset=\"https:\/\/theopteam.net\/wp-content\/uploads\/2026\/03\/2.png 2050w, https:\/\/theopteam.net\/wp-content\/uploads\/2026\/03\/2-300x200.png 300w, https:\/\/theopteam.net\/wp-content\/uploads\/2026\/03\/2-1024x684.png 1024w, https:\/\/theopteam.net\/wp-content\/uploads\/2026\/03\/2-768x513.png 768w, https:\/\/theopteam.net\/wp-content\/uploads\/2026\/03\/2-1536x1026.png 1536w, https:\/\/theopteam.net\/wp-content\/uploads\/2026\/03\/2-2048x1369.png 2048w\" sizes=\"(max-width: 2050px) 100vw, 2050px\" \/><\/div><\/a>\n\t\t\t\t<div class=\"elementor-post__text\">\n\t\t\t\t<h3 class=\"elementor-post__title\">\n\t\t\t<a href=\"https:\/\/theopteam.net\/en\/o-guia-michelin-e-a-nova-maturidade-cultural-de-miami-o-que-a-gastronomia-revela-sobre-o-futuro-da-cidade\/\" target=&quot;_blank&quot;>\n\t\t\t\tO Guia Michelin e a nova maturidade cultural de Miami: O que a gastronomia revela sobre o futuro da cidade.\t\t\t<\/a>\n\t\t<\/h3>\n\t\t\t\t<div class=\"elementor-post__excerpt\">\n\t\t\t<p>A recente e cont\u00ednua expans\u00e3o do Guia Michelin na Fl\u00f3rida, com Miami no epicentro dessa efervesc\u00eancia gastron\u00f4mica, transcende a simples<\/p>\n\t\t<\/div>\n\t\t\t\t\t<div class=\"elementor-post__read-more-wrapper\">\n\t\t\n\t\t<a class=\"elementor-post__read-more\" href=\"https:\/\/theopteam.net\/en\/o-guia-michelin-e-a-nova-maturidade-cultural-de-miami-o-que-a-gastronomia-revela-sobre-o-futuro-da-cidade\/\" aria-label=\"Read more about O Guia Michelin e a nova maturidade cultural de Miami: O que a gastronomia revela sobre o futuro da cidade.\" tabindex=\"-1\" target=\"_blank\">\n\t\t\tRead more\t\t<\/a>\n\n\t\t\t\t\t<\/div>\n\t\t\t\t<\/div>\n\t\t\t\t\t<\/div>\n\t\t<\/article>\n\t\t\t\t<article class=\"elementor-post elementor-grid-item post-5278 post type-post status-publish format-standard has-post-thumbnail hentry category-sem-categoria\" role=\"listitem\">\n\t\t\t<div class=\"elementor-post__card\">\n\t\t\t\t<a class=\"elementor-post__thumbnail__link\" href=\"https:\/\/theopteam.net\/en\/brickell-quando-localizacao-deixa-de-ser-endereco-e-se-torna-estrategia-patrimonial\/\" tabindex=\"-1\" target=\"_blank\"><div class=\"elementor-post__thumbnail\"><img loading=\"lazy\" decoding=\"async\" width=\"2050\" height=\"1370\" src=\"https:\/\/theopteam.net\/wp-content\/uploads\/2026\/02\/Capa-blog-11.png\" class=\"attachment-full size-full wp-image-5279\" alt=\"\" srcset=\"https:\/\/theopteam.net\/wp-content\/uploads\/2026\/02\/Capa-blog-11.png 2050w, https:\/\/theopteam.net\/wp-content\/uploads\/2026\/02\/Capa-blog-11-300x200.png 300w, https:\/\/theopteam.net\/wp-content\/uploads\/2026\/02\/Capa-blog-11-1024x684.png 1024w, https:\/\/theopteam.net\/wp-content\/uploads\/2026\/02\/Capa-blog-11-768x513.png 768w, https:\/\/theopteam.net\/wp-content\/uploads\/2026\/02\/Capa-blog-11-1536x1026.png 1536w, https:\/\/theopteam.net\/wp-content\/uploads\/2026\/02\/Capa-blog-11-2048x1369.png 2048w\" sizes=\"(max-width: 2050px) 100vw, 2050px\" \/><\/div><\/a>\n\t\t\t\t<div class=\"elementor-post__text\">\n\t\t\t\t<h3 class=\"elementor-post__title\">\n\t\t\t<a href=\"https:\/\/theopteam.net\/en\/brickell-quando-localizacao-deixa-de-ser-endereco-e-se-torna-estrategia-patrimonial\/\" target=&quot;_blank&quot;>\n\t\t\t\tBrickell: quando localiza\u00e7\u00e3o deixa de ser endere\u00e7o e se torna estrat\u00e9gia patrimonial.\t\t\t<\/a>\n\t\t<\/h3>\n\t\t\t\t<div class=\"elementor-post__excerpt\">\n\t\t\t<p>Em um mercado imobili\u00e1rio t\u00e3o din\u00e2mico e cobi\u00e7ado quanto o de Miami, a palavra \u201clocaliza\u00e7\u00e3o\u201d \u00e9 frequentemente repetida como um<\/p>\n\t\t<\/div>\n\t\t\t\t\t<div class=\"elementor-post__read-more-wrapper\">\n\t\t\n\t\t<a class=\"elementor-post__read-more\" href=\"https:\/\/theopteam.net\/en\/brickell-quando-localizacao-deixa-de-ser-endereco-e-se-torna-estrategia-patrimonial\/\" aria-label=\"Read more about Brickell: quando localiza\u00e7\u00e3o deixa de ser endere\u00e7o e se torna estrat\u00e9gia patrimonial.\" tabindex=\"-1\" target=\"_blank\">\n\t\t\tRead more\t\t<\/a>\n\n\t\t\t\t\t<\/div>\n\t\t\t\t<\/div>\n\t\t\t\t\t<\/div>\n\t\t<\/article>\n\t\t\t\t<article class=\"elementor-post elementor-grid-item post-5270 post type-post status-publish format-standard has-post-thumbnail hentry category-sem-categoria\" role=\"listitem\">\n\t\t\t<div class=\"elementor-post__card\">\n\t\t\t\t<a class=\"elementor-post__thumbnail__link\" href=\"https:\/\/theopteam.net\/en\/boca-raton-em-ascensao-a-cidade-que-esta-redesenhando-o-futuro-do-bem-estar-do-investimento-e-da-qualidade-de-vida-em-2026\/\" tabindex=\"-1\" target=\"_blank\"><div class=\"elementor-post__thumbnail\"><img loading=\"lazy\" decoding=\"async\" width=\"2050\" height=\"1370\" src=\"https:\/\/theopteam.net\/wp-content\/uploads\/2026\/02\/Capa-blog-10.png\" class=\"attachment-full size-full wp-image-5271\" alt=\"\" srcset=\"https:\/\/theopteam.net\/wp-content\/uploads\/2026\/02\/Capa-blog-10.png 2050w, https:\/\/theopteam.net\/wp-content\/uploads\/2026\/02\/Capa-blog-10-300x200.png 300w, https:\/\/theopteam.net\/wp-content\/uploads\/2026\/02\/Capa-blog-10-1024x684.png 1024w, https:\/\/theopteam.net\/wp-content\/uploads\/2026\/02\/Capa-blog-10-768x513.png 768w, https:\/\/theopteam.net\/wp-content\/uploads\/2026\/02\/Capa-blog-10-1536x1026.png 1536w, https:\/\/theopteam.net\/wp-content\/uploads\/2026\/02\/Capa-blog-10-2048x1369.png 2048w\" sizes=\"(max-width: 2050px) 100vw, 2050px\" \/><\/div><\/a>\n\t\t\t\t<div class=\"elementor-post__text\">\n\t\t\t\t<h3 class=\"elementor-post__title\">\n\t\t\t<a href=\"https:\/\/theopteam.net\/en\/boca-raton-em-ascensao-a-cidade-que-esta-redesenhando-o-futuro-do-bem-estar-do-investimento-e-da-qualidade-de-vida-em-2026\/\" target=&quot;_blank&quot;>\n\t\t\t\tBoca Raton em ascens\u00e3o: a cidade que est\u00e1 redesenhando o futuro do bem-estar, do investimento e da qualidade de vida em 2026.\t\t\t<\/a>\n\t\t<\/h3>\n\t\t\t\t<div class=\"elementor-post__excerpt\">\n\t\t\t<p>Quando se fala do crescimento explosivo do sul da Fl\u00f3rida, \u00e9 comum que os holofotes se voltem para Miami e<\/p>\n\t\t<\/div>\n\t\t\t\t\t<div class=\"elementor-post__read-more-wrapper\">\n\t\t\n\t\t<a class=\"elementor-post__read-more\" href=\"https:\/\/theopteam.net\/en\/boca-raton-em-ascensao-a-cidade-que-esta-redesenhando-o-futuro-do-bem-estar-do-investimento-e-da-qualidade-de-vida-em-2026\/\" aria-label=\"Read more about Boca Raton em ascens\u00e3o: a cidade que est\u00e1 redesenhando o futuro do bem-estar, do investimento e da qualidade de vida em 2026.\" tabindex=\"-1\" target=\"_blank\">\n\t\t\tRead more\t\t<\/a>\n\n\t\t\t\t\t<\/div>\n\t\t\t\t<\/div>\n\t\t\t\t\t<\/div>\n\t\t<\/article>\n\t\t\t\t<article class=\"elementor-post elementor-grid-item post-5266 post type-post status-publish format-standard has-post-thumbnail hentry category-sem-categoria\" role=\"listitem\">\n\t\t\t<div class=\"elementor-post__card\">\n\t\t\t\t<a class=\"elementor-post__thumbnail__link\" href=\"https:\/\/theopteam.net\/en\/boca-raton-o-novo-epicentro-da-inovacao-qualidade-de-vida-e-crescimento-estrategico-no-sul-da-florida\/\" tabindex=\"-1\" target=\"_blank\"><div class=\"elementor-post__thumbnail\"><img loading=\"lazy\" decoding=\"async\" width=\"2050\" height=\"1370\" src=\"https:\/\/theopteam.net\/wp-content\/uploads\/2026\/02\/Capa-blog-9.png\" class=\"attachment-full size-full wp-image-5267\" alt=\"\" srcset=\"https:\/\/theopteam.net\/wp-content\/uploads\/2026\/02\/Capa-blog-9.png 2050w, https:\/\/theopteam.net\/wp-content\/uploads\/2026\/02\/Capa-blog-9-300x200.png 300w, https:\/\/theopteam.net\/wp-content\/uploads\/2026\/02\/Capa-blog-9-1024x684.png 1024w, https:\/\/theopteam.net\/wp-content\/uploads\/2026\/02\/Capa-blog-9-768x513.png 768w, https:\/\/theopteam.net\/wp-content\/uploads\/2026\/02\/Capa-blog-9-1536x1026.png 1536w, https:\/\/theopteam.net\/wp-content\/uploads\/2026\/02\/Capa-blog-9-2048x1369.png 2048w\" sizes=\"(max-width: 2050px) 100vw, 2050px\" \/><\/div><\/a>\n\t\t\t\t<div class=\"elementor-post__text\">\n\t\t\t\t<h3 class=\"elementor-post__title\">\n\t\t\t<a href=\"https:\/\/theopteam.net\/en\/boca-raton-o-novo-epicentro-da-inovacao-qualidade-de-vida-e-crescimento-estrategico-no-sul-da-florida\/\" target=&quot;_blank&quot;>\n\t\t\t\tBoca Raton: O novo epicentro da inova\u00e7\u00e3o, qualidade de vida e crescimento estrat\u00e9gico no sul da Fl\u00f3rida\t\t\t<\/a>\n\t\t<\/h3>\n\t\t\t\t<div class=\"elementor-post__excerpt\">\n\t\t\t<p>Boca Raton vem se consolidando como um dos destinos mais estrat\u00e9gicos do Sul da Fl\u00f3rida para quem busca uma combina\u00e7\u00e3o<\/p>\n\t\t<\/div>\n\t\t\t\t\t<div class=\"elementor-post__read-more-wrapper\">\n\t\t\n\t\t<a class=\"elementor-post__read-more\" href=\"https:\/\/theopteam.net\/en\/boca-raton-o-novo-epicentro-da-inovacao-qualidade-de-vida-e-crescimento-estrategico-no-sul-da-florida\/\" aria-label=\"Read more about Boca Raton: O novo epicentro da inova\u00e7\u00e3o, qualidade de vida e crescimento estrat\u00e9gico no sul da Fl\u00f3rida\" tabindex=\"-1\" target=\"_blank\">\n\t\t\tRead more\t\t<\/a>\n\n\t\t\t\t\t<\/div>\n\t\t\t\t<\/div>\n\t\t\t\t\t<\/div>\n\t\t<\/article>\n\t\t\t\t<\/div>\n\t\t\n\t\t\t\t<div class=\"e-load-more-anchor\" data-page=\"1\" data-max-page=\"9\" data-next-page=\"https:\/\/theopteam.net\/en\/wp-json\/wp\/v2\/pages\/4052\/page\/2\/\"><\/div>\n\t\t\t\t<nav class=\"elementor-pagination\" aria-label=\"Pagination\">\n\t\t\t<span aria-current=\"page\" class=\"page-numbers current\"><span class=\"elementor-screen-only\">Page<\/span>1<\/span>\n<a class=\"page-numbers\" href=\"https:\/\/theopteam.net\/en\/wp-json\/wp\/v2\/pages\/4052\/page\/2\/\"><span class=\"elementor-screen-only\">Page<\/span>2<\/a>\n<a class=\"page-numbers\" href=\"https:\/\/theopteam.net\/en\/wp-json\/wp\/v2\/pages\/4052\/page\/3\/\"><span class=\"elementor-screen-only\">Page<\/span>3<\/a>\n<a class=\"page-numbers\" href=\"https:\/\/theopteam.net\/en\/wp-json\/wp\/v2\/pages\/4052\/page\/4\/\"><span class=\"elementor-screen-only\">Page<\/span>4<\/a>\n<a class=\"page-numbers\" href=\"https:\/\/theopteam.net\/en\/wp-json\/wp\/v2\/pages\/4052\/page\/5\/\"><span class=\"elementor-screen-only\">Page<\/span>5<\/a>\t\t<\/nav>\n\t\t\t\t\t\t<\/div>\n\t\t\t\t<\/div>\n\t\t\t\t\t<\/div>\n\t\t<\/div>\n\t\t\t\t\t<\/div>\n\t\t<\/section>\n\t\t\t\t<\/div>\n\t\t","protected":false},"excerpt":{"rendered":"<p>BLOG FOLLOW OUR BLOG AND STAY UP TO DATE WITH THE LATEST NEWS<\/p>\n","protected":false},"author":2,"featured_media":0,"parent":0,"menu_order":0,"comment_status":"closed","ping_status":"closed","template":"","meta":{"_acf_changed":false,"inline_featured_image":false,"footnotes":""},"class_list":["post-4052","page","type-page","status-publish","hentry"],"acf":[],"yoast_head":"<!-- This site is optimized with the Yoast SEO plugin v27.1.1 - https:\/\/yoast.com\/product\/yoast-seo-wordpress\/ -->\n<title>Blog - The OP Team<\/title>\n<meta name=\"robots\" content=\"index, follow, max-snippet:-1, max-image-preview:large, max-video-preview:-1\" \/>\n<link rel=\"canonical\" href=\"https:\/\/theopteam.net\/en\/blog\/\" \/>\n<meta property=\"og:locale\" content=\"en_US\" \/>\n<meta property=\"og:type\" content=\"article\" \/>\n<meta property=\"og:title\" content=\"Blog - The OP Team\" \/>\n<meta property=\"og:description\" content=\"BLOG FOLLOW OUR BLOG AND STAY UP TO DATE WITH THE LATEST NEWS\" \/>\n<meta property=\"og:url\" content=\"https:\/\/theopteam.net\/en\/blog\/\" \/>\n<meta property=\"og:site_name\" content=\"The OP Team\" \/>\n<meta property=\"article:modified_time\" content=\"2025-04-07T19:13:10+00:00\" \/>\n<meta name=\"twitter:card\" content=\"summary_large_image\" \/>\n<script type=\"application\/ld+json\" class=\"yoast-schema-graph\">{\"@context\":\"https:\/\/schema.org\",\"@graph\":[{\"@type\":\"WebPage\",\"@id\":\"https:\/\/theopteam.net\/en\/blog\/\",\"url\":\"https:\/\/theopteam.net\/en\/blog\/\",\"name\":\"Blog - The OP Team\",\"isPartOf\":{\"@id\":\"https:\/\/theopteam.net\/#website\"},\"datePublished\":\"2023-09-26T17:16:37+00:00\",\"dateModified\":\"2025-04-07T19:13:10+00:00\",\"breadcrumb\":{\"@id\":\"https:\/\/theopteam.net\/en\/blog\/#breadcrumb\"},\"inLanguage\":\"en-US\",\"potentialAction\":[{\"@type\":\"ReadAction\",\"target\":[\"https:\/\/theopteam.net\/en\/blog\/\"]}]},{\"@type\":\"BreadcrumbList\",\"@id\":\"https:\/\/theopteam.net\/en\/blog\/#breadcrumb\",\"itemListElement\":[{\"@type\":\"ListItem\",\"position\":1,\"name\":\"In\u00edcio\",\"item\":\"https:\/\/theopteam.net\/en\/\"},{\"@type\":\"ListItem\",\"position\":2,\"name\":\"Blog\"}]},{\"@type\":\"WebSite\",\"@id\":\"https:\/\/theopteam.net\/#website\",\"url\":\"https:\/\/theopteam.net\/\",\"name\":\"The OP Team\",\"description\":\"\",\"publisher\":{\"@id\":\"https:\/\/theopteam.net\/#organization\"},\"potentialAction\":[{\"@type\":\"SearchAction\",\"target\":{\"@type\":\"EntryPoint\",\"urlTemplate\":\"https:\/\/theopteam.net\/?s={search_term_string}\"},\"query-input\":{\"@type\":\"PropertyValueSpecification\",\"valueRequired\":true,\"valueName\":\"search_term_string\"}}],\"inLanguage\":\"en-US\"},{\"@type\":\"Organization\",\"@id\":\"https:\/\/theopteam.net\/#organization\",\"name\":\"The OP Team\",\"url\":\"https:\/\/theopteam.net\/\",\"logo\":{\"@type\":\"ImageObject\",\"inLanguage\":\"en-US\",\"@id\":\"https:\/\/theopteam.net\/#\/schema\/logo\/image\/\",\"url\":\"https:\/\/theopteam.net\/wp-content\/uploads\/2024\/01\/logo-op-team.png\",\"contentUrl\":\"https:\/\/theopteam.net\/wp-content\/uploads\/2024\/01\/logo-op-team.png\",\"width\":3089,\"height\":1550,\"caption\":\"The OP Team\"},\"image\":{\"@id\":\"https:\/\/theopteam.net\/#\/schema\/logo\/image\/\"}}]}<\/script>\n<!-- \/ Yoast SEO plugin. -->","yoast_head_json":{"title":"Blog - The OP Team","robots":{"index":"index","follow":"follow","max-snippet":"max-snippet:-1","max-image-preview":"max-image-preview:large","max-video-preview":"max-video-preview:-1"},"canonical":"https:\/\/theopteam.net\/en\/blog\/","og_locale":"en_US","og_type":"article","og_title":"Blog - The OP Team","og_description":"BLOG FOLLOW OUR BLOG AND STAY UP TO DATE WITH THE LATEST NEWS","og_url":"https:\/\/theopteam.net\/en\/blog\/","og_site_name":"The OP Team","article_modified_time":"2025-04-07T19:13:10+00:00","twitter_card":"summary_large_image","schema":{"@context":"https:\/\/schema.org","@graph":[{"@type":"WebPage","@id":"https:\/\/theopteam.net\/en\/blog\/","url":"https:\/\/theopteam.net\/en\/blog\/","name":"Blog - The OP Team","isPartOf":{"@id":"https:\/\/theopteam.net\/#website"},"datePublished":"2023-09-26T17:16:37+00:00","dateModified":"2025-04-07T19:13:10+00:00","breadcrumb":{"@id":"https:\/\/theopteam.net\/en\/blog\/#breadcrumb"},"inLanguage":"en-US","potentialAction":[{"@type":"ReadAction","target":["https:\/\/theopteam.net\/en\/blog\/"]}]},{"@type":"BreadcrumbList","@id":"https:\/\/theopteam.net\/en\/blog\/#breadcrumb","itemListElement":[{"@type":"ListItem","position":1,"name":"In\u00edcio","item":"https:\/\/theopteam.net\/en\/"},{"@type":"ListItem","position":2,"name":"Blog"}]},{"@type":"WebSite","@id":"https:\/\/theopteam.net\/#website","url":"https:\/\/theopteam.net\/","name":"The OP Team","description":"","publisher":{"@id":"https:\/\/theopteam.net\/#organization"},"potentialAction":[{"@type":"SearchAction","target":{"@type":"EntryPoint","urlTemplate":"https:\/\/theopteam.net\/?s={search_term_string}"},"query-input":{"@type":"PropertyValueSpecification","valueRequired":true,"valueName":"search_term_string"}}],"inLanguage":"en-US"},{"@type":"Organization","@id":"https:\/\/theopteam.net\/#organization","name":"The OP Team","url":"https:\/\/theopteam.net\/","logo":{"@type":"ImageObject","inLanguage":"en-US","@id":"https:\/\/theopteam.net\/#\/schema\/logo\/image\/","url":"https:\/\/theopteam.net\/wp-content\/uploads\/2024\/01\/logo-op-team.png","contentUrl":"https:\/\/theopteam.net\/wp-content\/uploads\/2024\/01\/logo-op-team.png","width":3089,"height":1550,"caption":"The OP Team"},"image":{"@id":"https:\/\/theopteam.net\/#\/schema\/logo\/image\/"}}]}},"_links":{"self":[{"href":"https:\/\/theopteam.net\/en\/wp-json\/wp\/v2\/pages\/4052","targetHints":{"allow":["GET"]}}],"collection":[{"href":"https:\/\/theopteam.net\/en\/wp-json\/wp\/v2\/pages"}],"about":[{"href":"https:\/\/theopteam.net\/en\/wp-json\/wp\/v2\/types\/page"}],"author":[{"embeddable":true,"href":"https:\/\/theopteam.net\/en\/wp-json\/wp\/v2\/users\/2"}],"replies":[{"embeddable":true,"href":"https:\/\/theopteam.net\/en\/wp-json\/wp\/v2\/comments?post=4052"}],"version-history":[{"count":2,"href":"https:\/\/theopteam.net\/en\/wp-json\/wp\/v2\/pages\/4052\/revisions"}],"predecessor-version":[{"id":4054,"href":"https:\/\/theopteam.net\/en\/wp-json\/wp\/v2\/pages\/4052\/revisions\/4054"}],"wp:attachment":[{"href":"https:\/\/theopteam.net\/en\/wp-json\/wp\/v2\/media?parent=4052"}],"curies":[{"name":"wp","href":"https:\/\/api.w.org\/{rel}","templated":true}]}}